{"id":46,"date":"2023-08-04T20:34:26","date_gmt":"2023-08-04T20:34:26","guid":{"rendered":"https:\/\/sertega.com\/?post_type=product&#038;p=46"},"modified":"2025-09-29T16:22:52","modified_gmt":"2025-09-29T16:22:52","slug":"imeter-medidor-volumetrico","status":"publish","type":"product","link":"https:\/\/sertega.com\/index.php\/product\/imeter-medidor-volumetrico\/","title":{"rendered":"001-048015 Imeter medidor volum\u00e9trico wayne ovation"},"content":{"rendered":"<h4 style=\"text-align: left;\">Medidor Volum\u00e9trico para dispensadores Wayne Calibraci\u00f3n Electr\u00f3nica<\/h4>\n<h4>Dresser\u00a0<em>Wayne imeter<\/em>, 001-048015, flat inlet, 2 side<\/h4>\n","protected":false},"excerpt":{"rendered":"<h3 style=\"text-align: left;\">Medidor Volum\u00e9trico para dispensadores Wayne Calibraci\u00f3n Electr\u00f3nica<\/h3>\n","protected":false},"featured_media":279,"comment_status":"open","ping_status":"closed","template":"","meta":{"om_disable_all_campaigns":false,"_monsterinsights_skip_tracking":false,"_monsterinsights_sitenote_active":false,"_monsterinsights_sitenote_note":"","_monsterinsights_sitenote_category":0},"product_cat":[19],"product_tag":[48,54,55,22],"aioseo_notices":[],"_links":{"self":[{"href":"https:\/\/sertega.com\/index.php\/wp-json\/wp\/v2\/product\/46"}],"collection":[{"href":"https:\/\/sertega.com\/index.php\/wp-json\/wp\/v2\/product"}],"about":[{"href":"https:\/\/sertega.com\/index.php\/wp-json\/wp\/v2\/types\/product"}],"replies":[{"embeddable":true,"href":"https:\/\/sertega.com\/index.php\/wp-json\/wp\/v2\/comments?post=46"}],"wp:featuredmedia":[{"embeddable":true,"href":"https:\/\/sertega.com\/index.php\/wp-json\/wp\/v2\/media\/279"}],"wp:attachment":[{"href":"https:\/\/sertega.com\/index.php\/wp-json\/wp\/v2\/media?parent=46"}],"wp:term":[{"taxonomy":"product_cat","embeddable":true,"href":"https:\/\/sertega.com\/index.php\/wp-json\/wp\/v2\/product_cat?post=46"},{"taxonomy":"product_tag","embeddable":true,"href":"https:\/\/sertega.com\/index.php\/wp-json\/wp\/v2\/product_tag?post=46"}],"curies":[{"name":"wp","href":"https:\/\/api.w.org\/{rel}","templated":true}]}}