{"id":20,"date":"2023-08-04T20:34:24","date_gmt":"2023-08-04T20:34:24","guid":{"rendered":"https:\/\/sertega.com\/?post_type=product&#038;p=20"},"modified":"2023-08-05T05:38:33","modified_gmt":"2023-08-05T05:38:33","slug":"869429-r07079-cpu-computador-wayne-vista-brasileno","status":"publish","type":"product","link":"https:\/\/sertega.com\/index.php\/product\/869429-r07079-cpu-computador-wayne-vista-brasileno\/","title":{"rendered":"869429-R07079 Cpu computador wayne vista brasile\u00f1o"},"content":{"rendered":"<h4 style=\"text-align: left;\">Computador wayne vista duplex ii, cpu base inform\u00e1tica versi\u00f3n brasile\u00f1a y control medidores imeter.<\/h4>\n<p><em>869429<\/em>-R07\/079 Blend Computer Base, Fits Dresser Wayne Vista 1 and 2 Dispensers<\/p>\n<p>&nbsp;<\/p>\n<p>Nota: Los precios de las tarjetas son en intercambio por da\u00f1adas,<br \/>\nSERTEGA se reserva el derecho de aceptaci\u00f3n de tarjetas Da\u00f1adas<br \/>\nNo se venden tarjetas que no sean Instaladas Por t\u00e9cnicos<br \/>\noficiales de SERTEGA.<\/p>\n","protected":false},"excerpt":{"rendered":"<h3 style=\"text-align: left;\">Computador wayne vista duplex ii, cpu base inform\u00e1tica versi\u00f3n brasile\u00f1a y control medidores imeter.<\/h3>\n","protected":false},"featured_media":316,"comment_status":"open","ping_status":"closed","template":"","meta":{"om_disable_all_campaigns":false,"_monsterinsights_skip_tracking":false,"_monsterinsights_sitenote_active":false,"_monsterinsights_sitenote_note":"","_monsterinsights_sitenote_category":0},"product_cat":[19],"product_tag":[106,23,24,21,22],"aioseo_notices":[],"_links":{"self":[{"href":"https:\/\/sertega.com\/index.php\/wp-json\/wp\/v2\/product\/20"}],"collection":[{"href":"https:\/\/sertega.com\/index.php\/wp-json\/wp\/v2\/product"}],"about":[{"href":"https:\/\/sertega.com\/index.php\/wp-json\/wp\/v2\/types\/product"}],"replies":[{"embeddable":true,"href":"https:\/\/sertega.com\/index.php\/wp-json\/wp\/v2\/comments?post=20"}],"wp:featuredmedia":[{"embeddable":true,"href":"https:\/\/sertega.com\/index.php\/wp-json\/wp\/v2\/media\/316"}],"wp:attachment":[{"href":"https:\/\/sertega.com\/index.php\/wp-json\/wp\/v2\/media?parent=20"}],"wp:term":[{"taxonomy":"product_cat","embeddable":true,"href":"https:\/\/sertega.com\/index.php\/wp-json\/wp\/v2\/product_cat?post=20"},{"taxonomy":"product_tag","embeddable":true,"href":"https:\/\/sertega.com\/index.php\/wp-json\/wp\/v2\/product_tag?post=20"}],"curies":[{"name":"wp","href":"https:\/\/api.w.org\/{rel}","templated":true}]}}