{"id":155,"date":"2023-08-04T20:37:13","date_gmt":"2023-08-04T20:37:13","guid":{"rendered":"https:\/\/sertega.com\/?post_type=product&#038;p=155"},"modified":"2025-08-27T23:58:44","modified_gmt":"2025-08-27T23:58:44","slug":"m12702a102-pump-control-cpu-node","status":"publish","type":"product","link":"https:\/\/sertega.com\/index.php\/product\/m12702a102-pump-control-cpu-node\/","title":{"rendered":"M12702A102 Pump control CPU node"},"content":{"rendered":"<p>Tarjeta controladora cpu para dispensador gilbarco encore 500 S, cpu para dispensador,<\/p>\n<p>PUMP CONTROL NODE 3,<\/p>\n<p>Gilbarco M12702A102 Encore 500S\/700S Pump Control Node 3+<\/p>\n<p>Nota: Los precios de las tarjetas son en intercambio por da\u00f1adas,<br \/>\nSERTEGA, se reserva el derecho de aceptaci\u00f3n de tarjetas da\u00f1adas<br \/>\nNo se venden tarjetas que no sean Instaladas Por t\u00e9cnicos<br \/>\noficiales de SERTEGA.<\/p>\n","protected":false},"excerpt":{"rendered":"<p>Tarjeta controladora cpu para dispensador gilbarco encore 500 S, cpu para dispensador, PUMP CONTROL NODE 3, Gilbarco M12702A102 Encore 500S\/700S Pump Control Node 3+ Nota: Los precios de las tarjetas son en intercambio por da\u00f1adas, SERTEGA, se reserva el derecho de aceptaci\u00f3n de tarjetas da\u00f1adas No se venden tarjetas que no sean Instaladas Por t\u00e9cnicos [&hellip;]<\/p>\n","protected":false},"featured_media":163,"comment_status":"open","ping_status":"closed","template":"","meta":{"om_disable_all_campaigns":false,"_monsterinsights_skip_tracking":false,"_monsterinsights_sitenote_active":false,"_monsterinsights_sitenote_note":"","_monsterinsights_sitenote_category":0},"product_cat":[77,58],"product_tag":[91,29,24,61,99],"aioseo_notices":[],"_links":{"self":[{"href":"https:\/\/sertega.com\/index.php\/wp-json\/wp\/v2\/product\/155"}],"collection":[{"href":"https:\/\/sertega.com\/index.php\/wp-json\/wp\/v2\/product"}],"about":[{"href":"https:\/\/sertega.com\/index.php\/wp-json\/wp\/v2\/types\/product"}],"replies":[{"embeddable":true,"href":"https:\/\/sertega.com\/index.php\/wp-json\/wp\/v2\/comments?post=155"}],"wp:featuredmedia":[{"embeddable":true,"href":"https:\/\/sertega.com\/index.php\/wp-json\/wp\/v2\/media\/163"}],"wp:attachment":[{"href":"https:\/\/sertega.com\/index.php\/wp-json\/wp\/v2\/media?parent=155"}],"wp:term":[{"taxonomy":"product_cat","embeddable":true,"href":"https:\/\/sertega.com\/index.php\/wp-json\/wp\/v2\/product_cat?post=155"},{"taxonomy":"product_tag","embeddable":true,"href":"https:\/\/sertega.com\/index.php\/wp-json\/wp\/v2\/product_tag?post=155"}],"curies":[{"name":"wp","href":"https:\/\/api.w.org\/{rel}","templated":true}]}}