{"id":123,"date":"2023-08-04T20:36:16","date_gmt":"2023-08-04T20:36:16","guid":{"rendered":"https:\/\/sertega.com\/?post_type=product&#038;p=123"},"modified":"2025-06-10T23:55:41","modified_gmt":"2025-06-10T23:55:41","slug":"m01546a001-tarjeta-hidraulica-para-encore-300","status":"publish","type":"product","link":"https:\/\/sertega.com\/index.php\/product\/m01546a001-tarjeta-hidraulica-para-encore-300\/","title":{"rendered":"M01546A001 Tarjeta hidr\u00e1ulica para encor\u00e9 300"},"content":{"rendered":"<h4 style=\"text-align: left;\">Tarjeta hidr\u00e1ulica para encor\u00e9 300, v\u00e1lvulas proporcionales<\/h4>\n<h4><em>M01546A001<\/em>\u00a0Gilbarco Encore 300 Hydraulic Interface Board<\/h4>\n<p>&nbsp;<\/p>\n<p>Nota: Los precios de las tarjetas son en intercambio por da\u00f1adas,<br \/>\nSERTEGA se reserva el derecho de aceptaci\u00f3n de tarjetas Da\u00f1adas<br \/>\nNo se venden tarjetas que no sean Instaladas Por t\u00e9cnicos<br \/>\noficiales de SERTEGA.<\/p>\n","protected":false},"excerpt":{"rendered":"<h3 style=\"text-align: left;\">Tarjeta hidr\u00e1ulica para encor\u00e9 300, v\u00e1lvulas proporcionales<\/h3>\n","protected":false},"featured_media":188,"comment_status":"open","ping_status":"closed","template":"","meta":{"om_disable_all_campaigns":false,"_monsterinsights_skip_tracking":false,"_monsterinsights_sitenote_active":false,"_monsterinsights_sitenote_note":"","_monsterinsights_sitenote_category":0},"product_cat":[76,58],"product_tag":[78,61,20,87],"aioseo_notices":[],"_links":{"self":[{"href":"https:\/\/sertega.com\/index.php\/wp-json\/wp\/v2\/product\/123"}],"collection":[{"href":"https:\/\/sertega.com\/index.php\/wp-json\/wp\/v2\/product"}],"about":[{"href":"https:\/\/sertega.com\/index.php\/wp-json\/wp\/v2\/types\/product"}],"replies":[{"embeddable":true,"href":"https:\/\/sertega.com\/index.php\/wp-json\/wp\/v2\/comments?post=123"}],"wp:featuredmedia":[{"embeddable":true,"href":"https:\/\/sertega.com\/index.php\/wp-json\/wp\/v2\/media\/188"}],"wp:attachment":[{"href":"https:\/\/sertega.com\/index.php\/wp-json\/wp\/v2\/media?parent=123"}],"wp:term":[{"taxonomy":"product_cat","embeddable":true,"href":"https:\/\/sertega.com\/index.php\/wp-json\/wp\/v2\/product_cat?post=123"},{"taxonomy":"product_tag","embeddable":true,"href":"https:\/\/sertega.com\/index.php\/wp-json\/wp\/v2\/product_tag?post=123"}],"curies":[{"name":"wp","href":"https:\/\/api.w.org\/{rel}","templated":true}]}}